{"id":32459,"date":"2025-04-10T09:44:43","date_gmt":"2025-04-10T09:44:43","guid":{"rendered":"https:\/\/kaluriklubihoone.ee\/home\/"},"modified":"2025-11-07T15:35:58","modified_gmt":"2025-11-07T15:35:58","slug":"home","status":"publish","type":"page","link":"https:\/\/kaluriklubihoone.ee\/en\/","title":{"rendered":"Home"},"content":{"rendered":"<div data-elementor-type=\"wp-post\" data-elementor-id=\"32459\" class=\"elementor elementor-32459\">\n\t\t\t\t<div class=\"elementor-element elementor-element-5aedb14 e-flex e-con-boxed e-con e-parent\" data-id=\"5aedb14\" data-element_type=\"container\" data-e-type=\"container\" data-settings=\"{&quot;background_background&quot;:&quot;classic&quot;}\">\n\t\t\t\t\t<div class=\"e-con-inner\">\n\t\t<div class=\"elementor-element elementor-element-99f500b e-con-full e-flex e-con e-child\" data-id=\"99f500b\" data-element_type=\"container\" data-e-type=\"container\" data-settings=\"{&quot;background_background&quot;:&quot;classic&quot;}\">\n\t\t\t\t<div class=\"elementor-element elementor-element-1c31d03 elementor-widget elementor-widget-image\" data-id=\"1c31d03\" data-element_type=\"widget\" data-e-type=\"widget\" data-widget_type=\"image.default\">\n\t\t\t\t<div class=\"elementor-widget-container\">\n\t\t\t\t\t\t\t\t\t\t\t\t\t\t\t<img decoding=\"async\" width=\"200\" height=\"35\" src=\"https:\/\/kaluriklubihoone.ee\/wp-content\/uploads\/2025\/04\/divider-free-img-1.png\" class=\"attachment-full size-full wp-image-32462\" alt=\"\" \/>\t\t\t\t\t\t\t\t\t\t\t\t\t\t\t<\/div>\n\t\t\t\t<\/div>\n\t\t\t\t<div class=\"elementor-element elementor-element-d35232a elementor-invisible elementor-widget elementor-widget-heading\" data-id=\"d35232a\" data-element_type=\"widget\" data-e-type=\"widget\" data-settings=\"{&quot;_animation&quot;:&quot;fadeInDown&quot;}\" data-widget_type=\"heading.default\">\n\t\t\t\t<div class=\"elementor-widget-container\">\n\t\t\t\t\t<h3 class=\"elementor-heading-title elementor-size-default\">Kaluri 22 | Haapsalu<\/h3>\t\t\t\t<\/div>\n\t\t\t\t<\/div>\n\t\t\t\t<div class=\"elementor-element elementor-element-ed8eb44 elementor-invisible elementor-widget elementor-widget-heading\" data-id=\"ed8eb44\" data-element_type=\"widget\" data-e-type=\"widget\" data-settings=\"{&quot;_animation&quot;:&quot;fadeInDown&quot;,&quot;_animation_delay&quot;:200}\" data-widget_type=\"heading.default\">\n\t\t\t\t<div class=\"elementor-widget-container\">\n\t\t\t\t\t<h1 class=\"elementor-heading-title elementor-size-default\">Kaluri Klubihoone<\/h1>\t\t\t\t<\/div>\n\t\t\t\t<\/div>\n\t\t\t\t<div class=\"elementor-element elementor-element-d36cf1d elementor-hidden-phone elementor-invisible elementor-widget elementor-widget-text-editor\" data-id=\"d36cf1d\" data-element_type=\"widget\" data-e-type=\"widget\" data-settings=\"{&quot;_animation&quot;:&quot;fadeInUp&quot;,&quot;_animation_delay&quot;:400}\" data-widget_type=\"text-editor.default\">\n\t\t\t\t<div class=\"elementor-widget-container\">\n\t\t\t\t\t\t\t\t\t<p>Anniversaries | Weddings | Private parties.<br \/>Kaluri klubihoone is an ideal place for organizing events <br \/>for up to 200 people.<\/p>\t\t\t\t\t\t\t\t<\/div>\n\t\t\t\t<\/div>\n\t\t<div class=\"elementor-element elementor-element-145d5a6 e-flex e-con-boxed elementor-invisible e-con e-child\" data-id=\"145d5a6\" data-element_type=\"container\" data-e-type=\"container\" data-settings=\"{&quot;animation&quot;:&quot;fadeIn&quot;,&quot;animation_delay&quot;:600}\">\n\t\t\t\t\t<div class=\"e-con-inner\">\n\t\t\t\t<div class=\"elementor-element elementor-element-5dc2ed2 elementor-align-right elementor-mobile-align-center elementor-widget elementor-widget-button\" data-id=\"5dc2ed2\" data-element_type=\"widget\" data-e-type=\"widget\" data-widget_type=\"button.default\">\n\t\t\t\t<div class=\"elementor-widget-container\">\n\t\t\t\t\t\t\t\t\t<div class=\"elementor-button-wrapper\">\n\t\t\t\t\t<a class=\"elementor-button elementor-button-link elementor-size-md\" href=\"https:\/\/kaluriklubihoone.ee\/en\/?page_id=7\">\n\t\t\t\t\t\t<span class=\"elementor-button-content-wrapper\">\n\t\t\t\t\t\t\t\t\t<span class=\"elementor-button-text\">Upcoming Events<\/span>\n\t\t\t\t\t<\/span>\n\t\t\t\t\t<\/a>\n\t\t\t\t<\/div>\n\t\t\t\t\t\t\t\t<\/div>\n\t\t\t\t<\/div>\n\t\t\t\t<div class=\"elementor-element elementor-element-883bef6 elementor-align-left elementor-mobile-align-center elementor-widget elementor-widget-button\" data-id=\"883bef6\" data-element_type=\"widget\" data-e-type=\"widget\" data-widget_type=\"button.default\">\n\t\t\t\t<div class=\"elementor-widget-container\">\n\t\t\t\t\t\t\t\t\t<div class=\"elementor-button-wrapper\">\n\t\t\t\t\t<a class=\"elementor-button elementor-button-link elementor-size-md\" href=\"https:\/\/kaluriklubihoone.ee\/en\/galerii\/\">\n\t\t\t\t\t\t<span class=\"elementor-button-content-wrapper\">\n\t\t\t\t\t\t\t\t\t<span class=\"elementor-button-text\">Gallery<\/span>\n\t\t\t\t\t<\/span>\n\t\t\t\t\t<\/a>\n\t\t\t\t<\/div>\n\t\t\t\t\t\t\t\t<\/div>\n\t\t\t\t<\/div>\n\t\t\t\t\t<\/div>\n\t\t\t\t<\/div>\n\t\t\t\t<\/div>\n\t\t\t\t\t<\/div>\n\t\t\t\t<\/div>\n\t\t<div class=\"elementor-element elementor-element-6450ea5 e-flex e-con-boxed e-con e-parent\" data-id=\"6450ea5\" data-element_type=\"container\" data-e-type=\"container\" data-settings=\"{&quot;background_background&quot;:&quot;classic&quot;}\">\n\t\t\t\t\t<div class=\"e-con-inner\">\n\t\t<div class=\"elementor-element elementor-element-2df95dd e-con-full e-flex e-con e-child\" data-id=\"2df95dd\" data-element_type=\"container\" data-e-type=\"container\" data-settings=\"{&quot;background_background&quot;:&quot;classic&quot;}\">\n\t\t\t\t<div class=\"elementor-element elementor-element-016121b elementor-invisible elementor-widget elementor-widget-heading\" data-id=\"016121b\" data-element_type=\"widget\" data-e-type=\"widget\" data-settings=\"{&quot;_animation&quot;:&quot;fadeInDown&quot;}\" data-widget_type=\"heading.default\">\n\t\t\t\t<div class=\"elementor-widget-container\">\n\t\t\t\t\t<h2 class=\"elementor-heading-title elementor-size-default\">Services<\/h2>\t\t\t\t<\/div>\n\t\t\t\t<\/div>\n\t\t\t\t<div class=\"elementor-element elementor-element-b5af9c8 elementor-widget elementor-widget-image\" data-id=\"b5af9c8\" data-element_type=\"widget\" data-e-type=\"widget\" data-widget_type=\"image.default\">\n\t\t\t\t<div class=\"elementor-widget-container\">\n\t\t\t\t\t\t\t\t\t\t\t\t\t\t\t<img decoding=\"async\" width=\"200\" height=\"35\" src=\"https:\/\/kaluriklubihoone.ee\/wp-content\/uploads\/2025\/04\/divider-free-img-1.png\" class=\"attachment-full size-full wp-image-32462\" alt=\"\" \/>\t\t\t\t\t\t\t\t\t\t\t\t\t\t\t<\/div>\n\t\t\t\t<\/div>\n\t\t\t\t<div class=\"elementor-element elementor-element-b8a0a24 elementor-tablet-align-start elementor-icon-list--layout-traditional elementor-list-item-link-full_width elementor-widget elementor-widget-icon-list\" data-id=\"b8a0a24\" data-element_type=\"widget\" data-e-type=\"widget\" data-widget_type=\"icon-list.default\">\n\t\t\t\t<div class=\"elementor-widget-container\">\n\t\t\t\t\t\t\t<ul class=\"elementor-icon-list-items\">\n\t\t\t\t\t\t\t<li class=\"elementor-icon-list-item\">\n\t\t\t\t\t\t\t\t\t\t\t<span class=\"elementor-icon-list-icon\">\n\t\t\t\t\t\t\t<i aria-hidden=\"true\" class=\"fab fa-first-order-alt\"><\/i>\t\t\t\t\t\t<\/span>\n\t\t\t\t\t\t\t\t\t\t<span class=\"elementor-icon-list-text\">House for Rent<\/span>\n\t\t\t\t\t\t\t\t\t<\/li>\n\t\t\t\t\t\t\t\t<li class=\"elementor-icon-list-item\">\n\t\t\t\t\t\t\t\t\t\t\t<span class=\"elementor-icon-list-icon\">\n\t\t\t\t\t\t\t<i aria-hidden=\"true\" class=\"fab fa-first-order-alt\"><\/i>\t\t\t\t\t\t<\/span>\n\t\t\t\t\t\t\t\t\t\t<span class=\"elementor-icon-list-text\">Catering<\/span>\n\t\t\t\t\t\t\t\t\t<\/li>\n\t\t\t\t\t\t\t\t<li class=\"elementor-icon-list-item\">\n\t\t\t\t\t\t\t\t\t\t\t<span class=\"elementor-icon-list-icon\">\n\t\t\t\t\t\t\t<i aria-hidden=\"true\" class=\"fab fa-first-order-alt\"><\/i>\t\t\t\t\t\t<\/span>\n\t\t\t\t\t\t\t\t\t\t<span class=\"elementor-icon-list-text\">Organizing Events<\/span>\n\t\t\t\t\t\t\t\t\t<\/li>\n\t\t\t\t\t\t<\/ul>\n\t\t\t\t\t\t<\/div>\n\t\t\t\t<\/div>\n\t\t\t\t<div class=\"elementor-element elementor-element-127c794 elementor-widget elementor-widget-text-editor\" data-id=\"127c794\" data-element_type=\"widget\" data-e-type=\"widget\" data-widget_type=\"text-editor.default\">\n\t\t\t\t<div class=\"elementor-widget-container\">\n\t\t\t\t\t\t\t\t\t<p style=\"text-align: left;\">Our premises are ideal for organizing various anniversaries and events, whether it's a grand company party or a private event.<\/p>\t\t\t\t\t\t\t\t<\/div>\n\t\t\t\t<\/div>\n\t\t\t\t<div class=\"elementor-element elementor-element-4e50af5 elementor-align-left elementor-mobile-align-left elementor-tablet-align-left elementor-widget elementor-widget-button\" data-id=\"4e50af5\" data-element_type=\"widget\" data-e-type=\"widget\" data-widget_type=\"button.default\">\n\t\t\t\t<div class=\"elementor-widget-container\">\n\t\t\t\t\t\t\t\t\t<div class=\"elementor-button-wrapper\">\n\t\t\t\t\t<a class=\"elementor-button elementor-button-link elementor-size-md\" href=\"https:\/\/kaluriklubihoone.ee\/en\/hoone-rent\/\">\n\t\t\t\t\t\t<span class=\"elementor-button-content-wrapper\">\n\t\t\t\t\t\t\t\t\t<span class=\"elementor-button-text\">Read More...<\/span>\n\t\t\t\t\t<\/span>\n\t\t\t\t\t<\/a>\n\t\t\t\t<\/div>\n\t\t\t\t\t\t\t\t<\/div>\n\t\t\t\t<\/div>\n\t\t\t\t<\/div>\n\t\t<div class=\"elementor-element elementor-element-9c8c824 e-con-full e-flex e-con e-child\" data-id=\"9c8c824\" data-element_type=\"container\" data-e-type=\"container\">\n\t\t\t\t<div class=\"elementor-element elementor-element-dad3541 elementor-widget elementor-widget-image\" data-id=\"dad3541\" data-element_type=\"widget\" data-e-type=\"widget\" data-widget_type=\"image.default\">\n\t\t\t\t<div class=\"elementor-widget-container\">\n\t\t\t\t\t\t\t\t\t\t\t\t\t\t\t<img fetchpriority=\"high\" decoding=\"async\" width=\"300\" height=\"600\" src=\"https:\/\/kaluriklubihoone.ee\/wp-content\/uploads\/2025\/04\/marmiit-2.jpg\" class=\"attachment-full size-full wp-image-32512\" alt=\"\" \/>\t\t\t\t\t\t\t\t\t\t\t\t\t\t\t<\/div>\n\t\t\t\t<\/div>\n\t\t\t\t<\/div>\n\t\t<div class=\"elementor-element elementor-element-e83c735 e-con-full e-flex e-con e-child\" data-id=\"e83c735\" data-element_type=\"container\" data-e-type=\"container\">\n\t\t\t\t<div class=\"elementor-element elementor-element-0007e66 elementor-widget elementor-widget-image\" data-id=\"0007e66\" data-element_type=\"widget\" data-e-type=\"widget\" data-widget_type=\"image.default\">\n\t\t\t\t<div class=\"elementor-widget-container\">\n\t\t\t\t\t\t\t\t\t\t\t\t\t\t\t<img decoding=\"async\" width=\"300\" height=\"600\" src=\"https:\/\/kaluriklubihoone.ee\/wp-content\/uploads\/2025\/04\/uus-naine-ronib-lauast-valja-2.jpg\" class=\"attachment-full size-full wp-image-32511\" alt=\"\" \/>\t\t\t\t\t\t\t\t\t\t\t\t\t\t\t<\/div>\n\t\t\t\t<\/div>\n\t\t\t\t<\/div>\n\t\t\t\t\t<\/div>\n\t\t\t\t<\/div>\n\t\t<div class=\"elementor-element elementor-element-4f4fc91 e-flex e-con-boxed e-con e-parent\" data-id=\"4f4fc91\" data-element_type=\"container\" data-e-type=\"container\" data-settings=\"{&quot;background_background&quot;:&quot;classic&quot;}\">\n\t\t\t\t\t<div class=\"e-con-inner\">\n\t\t\t\t<div class=\"elementor-element elementor-element-9aee659 elementor-widget elementor-widget-menu-anchor\" data-id=\"9aee659\" data-element_type=\"widget\" data-e-type=\"widget\" data-widget_type=\"menu-anchor.default\">\n\t\t\t\t<div class=\"elementor-widget-container\">\n\t\t\t\t\t\t\t<div class=\"elementor-menu-anchor\" id=\"kontakt\"><\/div>\n\t\t\t\t\t\t<\/div>\n\t\t\t\t<\/div>\n\t\t\t\t\t<\/div>\n\t\t\t\t<\/div>\n\t\t\t\t<\/div>","protected":false},"excerpt":{"rendered":"<p>Kaluri 22 | Haapsalu Kaluri Klubihoone Juubelid | Pulmad | Erapeod.Kaluri klubihoone on ideealne paik kuni 200 inimesega \u00fcrituste korraldamiseks. Tulekul S\u00fcndmused Galerii Teenused. Maja Rent Toitlustus \u00dcrituste Korraldamine Meie ruumides on ideaalne korraldada erinevaid t\u00e4htp\u00e4evi ja s\u00fcndmuseid, olgu see siis suurejooneline firmapidu v\u00f5i era\u00fcritus. Loe Lisa&#8230;<\/p>","protected":false},"author":1,"featured_media":0,"parent":0,"menu_order":1,"comment_status":"closed","ping_status":"closed","template":"","meta":{"site-sidebar-layout":"no-sidebar","site-content-layout":"page-builder","ast-site-content-layout":"full-width-container","site-content-style":"unboxed","site-sidebar-style":"unboxed","ast-global-header-display":"","ast-banner-title-visibility":"","ast-main-header-display":"","ast-hfb-above-header-display":"","ast-hfb-below-header-display":"","ast-hfb-mobile-header-display":"","site-post-title":"disabled","ast-breadcrumbs-content":"","ast-featured-img":"disabled","footer-sml-layout":"","theme-transparent-header-meta":"","adv-header-id-meta":"","stick-header-meta":"","header-above-stick-meta":"","header-main-stick-meta":"","header-below-stick-meta":"","astra-migrate-meta-layouts":"set","ast-page-background-enabled":"default","ast-page-background-meta":{"desktop":{"background-color":"","background-image":"","background-repeat":"repeat","background-position":"center center","background-size":"auto","background-attachment":"scroll","background-type":"","background-media":"","overlay-type":"","overlay-color":"","overlay-opacity":"","overlay-gradient":""},"tablet":{"background-color":"","background-image":"","background-repeat":"repeat","background-position":"center center","background-size":"auto","background-attachment":"scroll","background-type":"","background-media":"","overlay-type":"","overlay-color":"","overlay-opacity":"","overlay-gradient":""},"mobile":{"background-color":"","background-image":"","background-repeat":"repeat","background-position":"center center","background-size":"auto","background-attachment":"scroll","background-type":"","background-media":"","overlay-type":"","overlay-color":"","overlay-opacity":"","overlay-gradient":""}},"ast-content-background-meta":{"desktop":{"background-color":"var(--ast-global-color-5)","background-image":"","background-repeat":"repeat","background-position":"center center","background-size":"auto","background-attachment":"scroll","background-type":"","background-media":"","overlay-type":"","overlay-color":"","overlay-opacity":"","overlay-gradient":""},"tablet":{"background-color":"var(--ast-global-color-5)","background-image":"","background-repeat":"repeat","background-position":"center center","background-size":"auto","background-attachment":"scroll","background-type":"","background-media":"","overlay-type":"","overlay-color":"","overlay-opacity":"","overlay-gradient":""},"mobile":{"background-color":"var(--ast-global-color-5)","background-image":"","background-repeat":"repeat","background-position":"center center","background-size":"auto","background-attachment":"scroll","background-type":"","background-media":"","overlay-type":"","overlay-color":"","overlay-opacity":"","overlay-gradient":""}},"footnotes":""},"class_list":["post-32459","page","type-page","status-publish","hentry"],"yoast_head":"<!-- This site is optimized with the Yoast SEO plugin v27.4 - https:\/\/yoast.com\/product\/yoast-seo-wordpress\/ -->\n<title>Avaleht - Kaluri Klubihoone<\/title>\n<meta name=\"robots\" content=\"index, follow, max-snippet:-1, max-image-preview:large, max-video-preview:-1\" \/>\n<link rel=\"canonical\" href=\"https:\/\/kaluriklubihoone.ee\/en\/\" \/>\n<meta property=\"og:locale\" content=\"en_US\" \/>\n<meta property=\"og:type\" content=\"article\" \/>\n<meta property=\"og:title\" content=\"Avaleht - Kaluri Klubihoone\" \/>\n<meta property=\"og:description\" content=\"Kaluri 22 | Haapsalu Kaluri Klubihoone Juubelid | Pulmad | Erapeod.Kaluri klubihoone on ideealne paik kuni 200 inimesega \u00fcrituste korraldamiseks. Tulekul S\u00fcndmused Galerii Teenused. Maja Rent Toitlustus \u00dcrituste Korraldamine Meie ruumides on ideaalne korraldada erinevaid t\u00e4htp\u00e4evi ja s\u00fcndmuseid, olgu see siis suurejooneline firmapidu v\u00f5i era\u00fcritus. Loe Lisa&#8230;\" \/>\n<meta property=\"og:url\" content=\"https:\/\/kaluriklubihoone.ee\/en\/\" \/>\n<meta property=\"og:site_name\" content=\"Kaluri Klubihoone\" \/>\n<meta property=\"article:modified_time\" content=\"2025-11-07T15:35:58+00:00\" \/>\n<meta property=\"og:image\" content=\"https:\/\/kaluriklubihoone.ee\/wp-content\/uploads\/2025\/04\/divider-free-img-1.png\" \/>\n<meta name=\"twitter:card\" content=\"summary_large_image\" \/>\n<meta name=\"twitter:label1\" content=\"Est. reading time\" \/>\n\t<meta name=\"twitter:data1\" content=\"2 minutes\" \/>\n<script type=\"application\/ld+json\" class=\"yoast-schema-graph\">{\"@context\":\"https:\\\/\\\/schema.org\",\"@graph\":[{\"@type\":\"WebPage\",\"@id\":\"https:\\\/\\\/kaluriklubihoone.ee\\\/\",\"url\":\"https:\\\/\\\/kaluriklubihoone.ee\\\/\",\"name\":\"Avaleht - Kaluri Klubihoone\",\"isPartOf\":{\"@id\":\"https:\\\/\\\/kaluriklubihoone.ee\\\/#website\"},\"primaryImageOfPage\":{\"@id\":\"https:\\\/\\\/kaluriklubihoone.ee\\\/#primaryimage\"},\"image\":{\"@id\":\"https:\\\/\\\/kaluriklubihoone.ee\\\/#primaryimage\"},\"thumbnailUrl\":\"https:\\\/\\\/kaluriklubihoone.ee\\\/wp-content\\\/uploads\\\/2025\\\/04\\\/divider-free-img-1.png\",\"datePublished\":\"2025-04-10T09:44:43+00:00\",\"dateModified\":\"2025-11-07T15:35:58+00:00\",\"breadcrumb\":{\"@id\":\"https:\\\/\\\/kaluriklubihoone.ee\\\/#breadcrumb\"},\"inLanguage\":\"en-US\",\"potentialAction\":[{\"@type\":\"ReadAction\",\"target\":[\"https:\\\/\\\/kaluriklubihoone.ee\\\/\"]}]},{\"@type\":\"ImageObject\",\"inLanguage\":\"en-US\",\"@id\":\"https:\\\/\\\/kaluriklubihoone.ee\\\/#primaryimage\",\"url\":\"https:\\\/\\\/kaluriklubihoone.ee\\\/wp-content\\\/uploads\\\/2025\\\/04\\\/divider-free-img-1.png\",\"contentUrl\":\"https:\\\/\\\/kaluriklubihoone.ee\\\/wp-content\\\/uploads\\\/2025\\\/04\\\/divider-free-img-1.png\"},{\"@type\":\"BreadcrumbList\",\"@id\":\"https:\\\/\\\/kaluriklubihoone.ee\\\/#breadcrumb\",\"itemListElement\":[{\"@type\":\"ListItem\",\"position\":1,\"name\":\"Home\",\"item\":\"https:\\\/\\\/kaluriklubihoone.ee\\\/\"},{\"@type\":\"ListItem\",\"position\":2,\"name\":\"Avaleht\"}]},{\"@type\":\"WebSite\",\"@id\":\"https:\\\/\\\/kaluriklubihoone.ee\\\/#website\",\"url\":\"https:\\\/\\\/kaluriklubihoone.ee\\\/\",\"name\":\"Kaluri Klubihoone\",\"description\":\"Kaluri Klubihoone\",\"publisher\":{\"@id\":\"https:\\\/\\\/kaluriklubihoone.ee\\\/#organization\"},\"potentialAction\":[{\"@type\":\"SearchAction\",\"target\":{\"@type\":\"EntryPoint\",\"urlTemplate\":\"https:\\\/\\\/kaluriklubihoone.ee\\\/?s={search_term_string}\"},\"query-input\":{\"@type\":\"PropertyValueSpecification\",\"valueRequired\":true,\"valueName\":\"search_term_string\"}}],\"inLanguage\":\"en-US\"},{\"@type\":\"Organization\",\"@id\":\"https:\\\/\\\/kaluriklubihoone.ee\\\/#organization\",\"name\":\"Kaluri Klubihoone\",\"url\":\"https:\\\/\\\/kaluriklubihoone.ee\\\/\",\"logo\":{\"@type\":\"ImageObject\",\"inLanguage\":\"en-US\",\"@id\":\"https:\\\/\\\/kaluriklubihoone.ee\\\/#\\\/schema\\\/logo\\\/image\\\/\",\"url\":\"https:\\\/\\\/kaluriklubihoone.ee\\\/wp-content\\\/uploads\\\/2025\\\/04\\\/kuldne-kaluri-ikoon.gif\",\"contentUrl\":\"https:\\\/\\\/kaluriklubihoone.ee\\\/wp-content\\\/uploads\\\/2025\\\/04\\\/kuldne-kaluri-ikoon.gif\",\"width\":2386,\"height\":1500,\"caption\":\"Kaluri Klubihoone\"},\"image\":{\"@id\":\"https:\\\/\\\/kaluriklubihoone.ee\\\/#\\\/schema\\\/logo\\\/image\\\/\"}}]}<\/script>\n<!-- \/ Yoast SEO plugin. -->","yoast_head_json":{"title":"Avaleht - Kaluri Klubihoone","robots":{"index":"index","follow":"follow","max-snippet":"max-snippet:-1","max-image-preview":"max-image-preview:large","max-video-preview":"max-video-preview:-1"},"canonical":"https:\/\/kaluriklubihoone.ee\/en\/","og_locale":"en_US","og_type":"article","og_title":"Avaleht - Kaluri Klubihoone","og_description":"Kaluri 22 | Haapsalu Kaluri Klubihoone Juubelid | Pulmad | Erapeod.Kaluri klubihoone on ideealne paik kuni 200 inimesega \u00fcrituste korraldamiseks. Tulekul S\u00fcndmused Galerii Teenused. Maja Rent Toitlustus \u00dcrituste Korraldamine Meie ruumides on ideaalne korraldada erinevaid t\u00e4htp\u00e4evi ja s\u00fcndmuseid, olgu see siis suurejooneline firmapidu v\u00f5i era\u00fcritus. Loe Lisa&#8230;","og_url":"https:\/\/kaluriklubihoone.ee\/en\/","og_site_name":"Kaluri Klubihoone","article_modified_time":"2025-11-07T15:35:58+00:00","og_image":[{"url":"https:\/\/kaluriklubihoone.ee\/wp-content\/uploads\/2025\/04\/divider-free-img-1.png","type":"","width":"","height":""}],"twitter_card":"summary_large_image","twitter_misc":{"Est. reading time":"2 minutes"},"schema":{"@context":"https:\/\/schema.org","@graph":[{"@type":"WebPage","@id":"https:\/\/kaluriklubihoone.ee\/","url":"https:\/\/kaluriklubihoone.ee\/","name":"Avaleht - Kaluri Klubihoone","isPartOf":{"@id":"https:\/\/kaluriklubihoone.ee\/#website"},"primaryImageOfPage":{"@id":"https:\/\/kaluriklubihoone.ee\/#primaryimage"},"image":{"@id":"https:\/\/kaluriklubihoone.ee\/#primaryimage"},"thumbnailUrl":"https:\/\/kaluriklubihoone.ee\/wp-content\/uploads\/2025\/04\/divider-free-img-1.png","datePublished":"2025-04-10T09:44:43+00:00","dateModified":"2025-11-07T15:35:58+00:00","breadcrumb":{"@id":"https:\/\/kaluriklubihoone.ee\/#breadcrumb"},"inLanguage":"en-US","potentialAction":[{"@type":"ReadAction","target":["https:\/\/kaluriklubihoone.ee\/"]}]},{"@type":"ImageObject","inLanguage":"en-US","@id":"https:\/\/kaluriklubihoone.ee\/#primaryimage","url":"https:\/\/kaluriklubihoone.ee\/wp-content\/uploads\/2025\/04\/divider-free-img-1.png","contentUrl":"https:\/\/kaluriklubihoone.ee\/wp-content\/uploads\/2025\/04\/divider-free-img-1.png"},{"@type":"BreadcrumbList","@id":"https:\/\/kaluriklubihoone.ee\/#breadcrumb","itemListElement":[{"@type":"ListItem","position":1,"name":"Home","item":"https:\/\/kaluriklubihoone.ee\/"},{"@type":"ListItem","position":2,"name":"Avaleht"}]},{"@type":"WebSite","@id":"https:\/\/kaluriklubihoone.ee\/#website","url":"https:\/\/kaluriklubihoone.ee\/","name":"Kaluri Klubihoone","description":"Kaluri Klubihoone","publisher":{"@id":"https:\/\/kaluriklubihoone.ee\/#organization"},"potentialAction":[{"@type":"SearchAction","target":{"@type":"EntryPoint","urlTemplate":"https:\/\/kaluriklubihoone.ee\/?s={search_term_string}"},"query-input":{"@type":"PropertyValueSpecification","valueRequired":true,"valueName":"search_term_string"}}],"inLanguage":"en-US"},{"@type":"Organization","@id":"https:\/\/kaluriklubihoone.ee\/#organization","name":"Kaluri Klubihoone","url":"https:\/\/kaluriklubihoone.ee\/","logo":{"@type":"ImageObject","inLanguage":"en-US","@id":"https:\/\/kaluriklubihoone.ee\/#\/schema\/logo\/image\/","url":"https:\/\/kaluriklubihoone.ee\/wp-content\/uploads\/2025\/04\/kuldne-kaluri-ikoon.gif","contentUrl":"https:\/\/kaluriklubihoone.ee\/wp-content\/uploads\/2025\/04\/kuldne-kaluri-ikoon.gif","width":2386,"height":1500,"caption":"Kaluri Klubihoone"},"image":{"@id":"https:\/\/kaluriklubihoone.ee\/#\/schema\/logo\/image\/"}}]}},"_links":{"self":[{"href":"https:\/\/kaluriklubihoone.ee\/en\/wp-json\/wp\/v2\/pages\/32459","targetHints":{"allow":["GET"]}}],"collection":[{"href":"https:\/\/kaluriklubihoone.ee\/en\/wp-json\/wp\/v2\/pages"}],"about":[{"href":"https:\/\/kaluriklubihoone.ee\/en\/wp-json\/wp\/v2\/types\/page"}],"author":[{"embeddable":true,"href":"https:\/\/kaluriklubihoone.ee\/en\/wp-json\/wp\/v2\/users\/1"}],"replies":[{"embeddable":true,"href":"https:\/\/kaluriklubihoone.ee\/en\/wp-json\/wp\/v2\/comments?post=32459"}],"version-history":[{"count":62,"href":"https:\/\/kaluriklubihoone.ee\/en\/wp-json\/wp\/v2\/pages\/32459\/revisions"}],"predecessor-version":[{"id":32775,"href":"https:\/\/kaluriklubihoone.ee\/en\/wp-json\/wp\/v2\/pages\/32459\/revisions\/32775"}],"wp:attachment":[{"href":"https:\/\/kaluriklubihoone.ee\/en\/wp-json\/wp\/v2\/media?parent=32459"}],"curies":[{"name":"wp","href":"https:\/\/api.w.org\/{rel}","templated":true}]}}